{"id":50,"date":"2017-09-13T07:34:55","date_gmt":"2017-09-13T05:34:55","guid":{"rendered":"http:\/\/oz.csppke.sk\/?page_id=50"},"modified":"2022-04-07T11:26:59","modified_gmt":"2022-04-07T09:26:59","slug":"o-nas","status":"publish","type":"page","link":"https:\/\/oz.csppke.sk\/","title":{"rendered":"O n\u00e1s"},"content":{"rendered":"<p>V\u00fdro\u010dn\u00e9 spr\u00e1vy:<br \/><a href=\"http:\/\/oz.csppke.sk\/wp-content\/uploads\/2021\/03\/OZ_vyrocna_sprava_2019.docx\">V\u00fdro\u010dn\u00e1 spr\u00e1va za rok 2019<\/a><br \/><a href=\"http:\/\/oz.csppke.sk\/wp-content\/uploads\/2017\/09\/OZ-vyrocna-sprava-2018.pdf\">V\u00fdro\u010dn\u00e1 spr\u00e1va za rok 2018<\/a><br \/><a href=\"http:\/\/oz.csppke.sk\/wp-content\/uploads\/2017\/09\/zaverecna-sprava-2017.pdf\">V\u00fdro\u010dn\u00e1 spr\u00e1va za rok 2017<\/a><br \/><a href=\"http:\/\/oz.csppke.sk\/download\/zaverecna-sprava-2016.pdf\">V\u00fdro\u010dn\u00e1 spr\u00e1va za rok 2016<\/a><br \/><a href=\"http:\/\/oz.csppke.sk\/download\/zaverecna-sprava-2015.pdf\">V\u00fdro\u010dn\u00e1 spr\u00e1va za rok 2015<\/a><br \/><a href=\"http:\/\/oz.csppke.sk\/download\/zaverecna-sprava-2014.pdf\">V\u00fdro\u010dn\u00e1 spr\u00e1va za rok 2014<\/a><br \/><a href=\"http:\/\/oz.csppke.sk\/download\/vyrocna-sprava-2013.pdf\">V\u00fdro\u010dn\u00e1 spr\u00e1va za rok 2013<\/a><br \/><a href=\"http:\/\/oz.csppke.sk\/download\/vyrocna-sprava-2012.pdf\">V\u00fdro\u010dn\u00e1 spr\u00e1va za rok 2012<\/a><br \/><a href=\"http:\/\/oz.csppke.sk\/download\/vyrocna-sprava-2011.pdf\">V\u00fdro\u010dn\u00e1 spr\u00e1va za rok 2011<\/a><\/p>\r\n<p>Identifika\u010dn\u00e9 \u00fadaje prij\u00edmate\u013ea 2% z dane:<br \/>N\u00e1zov: RADOS\u0164 ZO \u017dIVOTA<br \/>S\u00eddlo: <a href=\"https:\/\/goo.gl\/maps\/ztgpbKL95eGrkRTv6\">C\u0160PP,\u00a0Bocatiova 1,\u00a0040 01 Ko\u0161ice<\/a><br \/>Pr\u00e1vna forma: Ob\u010dianske zdru\u017eenie<br \/>I\u010cO: <a href=\"http:\/\/oz.csppke.sk\/wp-content\/uploads\/2021\/03\/ICO.pdf\">35547201<\/a><br \/>DI\u010c: <a href=\"http:\/\/oz.csppke.sk\/wp-content\/uploads\/2021\/03\/DIC.pdf\">2021714816<\/a><br \/>Registra\u010dn\u00e9 \u010d\u00edslo:\u00a0VVS\/1-900\/90-13937<br \/>Registrov\u00fd \u00farad:\u00a0MV SR<br \/>D\u00e1tum vzniku:\u00a026.06.2002<br \/>IBAN: <a href=\"https:\/\/ib.fio.sk\/ib\/transparent?a=2501903397\" target=\"_blank\" rel=\"noopener noreferrer\">SK6783300000002501903397<\/a><br \/>BIC\/SWIFT: FIOZSKBAXXX<br \/>Na\u0161u \u010dinnos\u0165 m\u00f4\u017eete podpori\u0165 darom na tento transparentn\u00fd \u00fa\u010det. \u010eakujeme!<\/p>\r\n<p><a href=\"\/\/oz.csppke.sk\/wp-content\/uploads\/2022\/04\/2021_2_percenta.pdf\">Vyhl\u00e1senie o pouk\u00e1zan\u00ed sumy do v\u00fd\u0161ky 2% (3%) zaplatenej dane<\/a><br \/><a href=\"\/\/oz.csppke.sk\/wp-content\/uploads\/2020\/03\/Vyhlasenie-o-poukazani-podielu-zaplatenej-dane-z-prijmov-fyzickej-osoby.pdf\">Potvrdenie o zaplaten\u00ed dane z pr\u00edjmov<\/a><br \/><a href=\"\/\/oz.csppke.sk\/wp-content\/uploads\/2020\/03\/radost_zo_zivota-_dane.pdf\">Postup na pouk\u00e1zanie 2% z dane<\/a><br \/><a href=\"\/\/oz.csppke.sk\/wp-content\/uploads\/2019\/03\/vyhlasenie-o-odpracovani-40h.docx\">Potvrdenie o odpracovan\u00ed 40 hod\u00edn<\/a><\/p>\r\n<p>Kontakt:<br \/><a href=\"mailto:oz@csppke.sk\">oz@csppke.sk<\/a>, <a href=\"mailto:csppke@csppke.sk\">csppke@csppke.sk<\/a><br \/><a href=\"callto:055\/796 12 11\">055\/796 12 11<\/a><a href=\"callto:0911 987 085\">, 0911 987 085<\/a><br \/><a href=\"https:\/\/www.csppke.sk\/sk\/\">www.csppke.sk\/<\/a>,\u00a0<a href=\"http:\/\/oz.csppke.sk\/\">oz.csppke.sk<\/a><br \/>\u0160tatut\u00e1rny z\u00e1stupca: <span style=\"font-family: arial, sans-serif;\"><a href=\"https:\/\/www.mazak.sk\">Ing. Juraj Maz\u00e1k, Ing. Paed. IGIP<\/a><br \/><\/span><span style=\"font-family: arial, sans-serif;\">Funkcia: predseda, <\/span><span style=\"font-family: arial, sans-serif;\">sp\u00f4sob konania: samostatne, <\/span><span style=\"font-family: arial, sans-serif;\">vo funkcii od: 15.06.2017<br \/><\/span><\/p>\r\n<p>&nbsp;<\/p>\r\n<div id=\"metaslider-id-98\" style=\"max-width: 806px; margin: 0 auto;\" class=\"ml-slider-3-27-5 metaslider metaslider-nivo metaslider-98 ml-slider dolnyslider\">\n    <div id=\"metaslider_container_98\">\n        <div class='slider-wrapper theme-default'><div class='ribbon'><\/div><div id='metaslider_98' class='nivoSlider'><a href=\"http:\/\/247.sk\/sprava-pocitace-outsourcing-it-predaj-servis\/\" target=\"_blank\"><img src=\"https:\/\/oz.csppke.sk\/wp-content\/uploads\/2017\/11\/network247.jpg\" height=\"167\" width=\"806\" data-caption=\"&lt;a href=&quot;http:\/\/247.sk\/sprava-pocitace-outsourcing-it-predaj-servis\/&quot; style=&quot;text-decoration: none;&quot;&gt;Spr&aacute;va siet&iacute;, servery, zabezpe\u010denie a technick&aacute; podpora - 247.sk&lt;\/a&gt;\" alt=\"\" class=\"slider-98 slide-120\" \/><\/a><a href=\"http:\/\/247.sk\/skoly-ucebne-spravca\/\" target=\"_blank\"><img src=\"https:\/\/oz.csppke.sk\/wp-content\/uploads\/2017\/11\/offices247.jpg\" height=\"167\" width=\"806\" data-caption=\"&lt;a href=&quot;http:\/\/247.sk\/skoly-ucebne-spravca\/&quot; style=&quot;text-decoration: none;&quot;&gt;Spr&aacute;va &scaron;kolskej techniky, u\u010debn&iacute; a siet&iacute; - 247.sk&lt;\/a&gt;\" alt=\"\" class=\"slider-98 slide-124\" \/><\/a><a href=\"http:\/\/247.sk\/uctovnictvo-dane-mzdy-personalistika-poradenstvo\/\" target=\"_blank\"><img src=\"https:\/\/oz.csppke.sk\/wp-content\/uploads\/2017\/11\/tax247.jpg\" height=\"167\" width=\"806\" data-caption=\"&lt;a href=&quot;http:\/\/247.sk\/uctovnictvo-dane-mzdy-personalistika-poradenstvo\/&quot; style=&quot;text-decoration: none;&quot;&gt;&Uacute;\u010dtovnictvo, dane a mzdy od 39 &euro; \/ mes. - 247.sk&lt;\/a&gt;\" alt=\"\" class=\"slider-98 slide-116\" \/><\/a><a href=\"http:\/\/247.sk\/bezpecnostne-projekty-ochrana-osobnych-udajov\/\" target=\"_blank\"><img src=\"https:\/\/oz.csppke.sk\/wp-content\/uploads\/2017\/11\/privacy-policy247.jpg\" height=\"167\" width=\"806\" data-caption=\"&lt;a href=&quot;http:\/\/247.sk\/bezpecnostne-projekty-ochrana-osobnych-udajov\/&quot; style=&quot;text-decoration: none;&quot;&gt;Bezpe\u010dnostn&eacute; projekty na ochranu osobn&yacute;ch &uacute;dajov od 250 eur - 247.sk&lt;\/a&gt;\" alt=\"\" class=\"slider-98 slide-122\" \/><\/a><a href=\"http:\/\/247.sk\/sprava-pocitace-outsourcing-it-predaj-servis\/\" target=\"_blank\"><img src=\"https:\/\/oz.csppke.sk\/wp-content\/uploads\/2017\/11\/ram247.jpg\" height=\"167\" width=\"806\" data-caption=\"&lt;a href=&quot;http:\/\/247.sk\/sprava-pocitace-outsourcing-it-predaj-servis\/&quot; style=&quot;text-decoration: none;&quot;&gt;Predaj a servis po\u010d&iacute;ta\u010dov - 247.sk&lt;\/a&gt;\" alt=\"\" class=\"slider-98 slide-118\" \/><\/a><\/div><\/div>\n        \n    <\/div>\n<\/div>\r\n\r\n<p>&nbsp;<\/p>\r\n","protected":false},"excerpt":{"rendered":"<p>V\u00fdro\u010dn\u00e9 spr\u00e1vy:V\u00fdro\u010dn\u00e1 spr\u00e1va za rok 2019V\u00fdro\u010dn\u00e1 spr\u00e1va za rok 2018V\u00fdro\u010dn\u00e1 spr\u00e1va za rok 2017V\u00fdro\u010dn\u00e1 spr\u00e1va za rok 2016V\u00fdro\u010dn\u00e1 spr\u00e1va za rok 2015V\u00fdro\u010dn\u00e1 spr\u00e1va za rok 2014V\u00fdro\u010dn\u00e1 spr\u00e1va za rok 2013V\u00fdro\u010dn\u00e1 spr\u00e1va za rok 2012V\u00fdro\u010dn\u00e1 spr\u00e1va za rok 2011 Identifika\u010dn\u00e9 \u00fadaje prij\u00edmate\u013ea 2% z dane:N\u00e1zov: RADOS\u0164 ZO \u017dIVOTAS\u00eddlo: C\u0160PP,\u00a0Bocatiova 1,\u00a0040 01 Ko\u0161icePr\u00e1vna forma: Ob\u010dianske zdru\u017eenieI\u010cO: 35547201DI\u010c: [&hellip;]<\/p>\n","protected":false},"author":1,"featured_media":0,"parent":0,"menu_order":0,"comment_status":"closed","ping_status":"closed","template":"","meta":{"_monsterinsights_skip_tracking":false,"_monsterinsights_sitenote_active":false,"_monsterinsights_sitenote_note":"","_monsterinsights_sitenote_category":0},"yoast_head":"<!-- This site is optimized with the Yoast SEO plugin v18.8 - https:\/\/yoast.com\/wordpress\/plugins\/seo\/ -->\n<title>O n\u00e1s - Ob\u010dianske zdru\u017eenie Rados\u0165 zo \u017eivota<\/title>\n<meta name=\"robots\" content=\"index, follow, max-snippet:-1, max-image-preview:large, max-video-preview:-1\" \/>\n<link rel=\"canonical\" href=\"https:\/\/oz.csppke.sk\/\" \/>\n<meta property=\"og:locale\" content=\"sk_SK\" \/>\n<meta property=\"og:type\" content=\"article\" \/>\n<meta property=\"og:title\" content=\"O n\u00e1s - Ob\u010dianske zdru\u017eenie Rados\u0165 zo \u017eivota\" \/>\n<meta property=\"og:description\" content=\"V\u00fdro\u010dn\u00e9 spr\u00e1vy:V\u00fdro\u010dn\u00e1 spr\u00e1va za rok 2019V\u00fdro\u010dn\u00e1 spr\u00e1va za rok 2018V\u00fdro\u010dn\u00e1 spr\u00e1va za rok 2017V\u00fdro\u010dn\u00e1 spr\u00e1va za rok 2016V\u00fdro\u010dn\u00e1 spr\u00e1va za rok 2015V\u00fdro\u010dn\u00e1 spr\u00e1va za rok 2014V\u00fdro\u010dn\u00e1 spr\u00e1va za rok 2013V\u00fdro\u010dn\u00e1 spr\u00e1va za rok 2012V\u00fdro\u010dn\u00e1 spr\u00e1va za rok 2011 Identifika\u010dn\u00e9 \u00fadaje prij\u00edmate\u013ea 2% z dane:N\u00e1zov: RADOS\u0164 ZO \u017dIVOTAS\u00eddlo: C\u0160PP,\u00a0Bocatiova 1,\u00a0040 01 Ko\u0161icePr\u00e1vna forma: Ob\u010dianske zdru\u017eenieI\u010cO: 35547201DI\u010c: [&hellip;]\" \/>\n<meta property=\"og:url\" content=\"https:\/\/oz.csppke.sk\/\" \/>\n<meta property=\"og:site_name\" content=\"Ob\u010dianske zdru\u017eenie Rados\u0165 zo \u017eivota\" \/>\n<meta property=\"article:modified_time\" content=\"2022-04-07T09:26:59+00:00\" \/>\n<meta name=\"twitter:card\" content=\"summary\" \/>\n<meta name=\"twitter:label1\" content=\"Predpokladan\u00fd \u010das \u010d\u00edtania\" \/>\n\t<meta name=\"twitter:data1\" content=\"1 min\u00fata\" \/>\n<script type=\"application\/ld+json\" class=\"yoast-schema-graph\">{\"@context\":\"https:\/\/schema.org\",\"@graph\":[{\"@type\":\"WebSite\",\"@id\":\"https:\/\/oz.csppke.sk\/#website\",\"url\":\"https:\/\/oz.csppke.sk\/\",\"name\":\"Ob\u010dianske zdru\u017eenie Rados\u0165 zo \u017eivota\",\"description\":\"\",\"potentialAction\":[{\"@type\":\"SearchAction\",\"target\":{\"@type\":\"EntryPoint\",\"urlTemplate\":\"https:\/\/oz.csppke.sk\/?s={search_term_string}\"},\"query-input\":\"required name=search_term_string\"}],\"inLanguage\":\"sk-SK\"},{\"@type\":\"WebPage\",\"@id\":\"https:\/\/oz.csppke.sk\/#webpage\",\"url\":\"https:\/\/oz.csppke.sk\/\",\"name\":\"O n\u00e1s - Ob\u010dianske zdru\u017eenie Rados\u0165 zo \u017eivota\",\"isPartOf\":{\"@id\":\"https:\/\/oz.csppke.sk\/#website\"},\"datePublished\":\"2017-09-13T05:34:55+00:00\",\"dateModified\":\"2022-04-07T09:26:59+00:00\",\"breadcrumb\":{\"@id\":\"https:\/\/oz.csppke.sk\/#breadcrumb\"},\"inLanguage\":\"sk-SK\",\"potentialAction\":[{\"@type\":\"ReadAction\",\"target\":[\"https:\/\/oz.csppke.sk\/\"]}]},{\"@type\":\"BreadcrumbList\",\"@id\":\"https:\/\/oz.csppke.sk\/#breadcrumb\",\"itemListElement\":[{\"@type\":\"ListItem\",\"position\":1,\"name\":\"Home\",\"item\":\"https:\/\/oz.csppke.sk\/\"},{\"@type\":\"ListItem\",\"position\":2,\"name\":\"O n\u00e1s\"}]}]}<\/script>\n<!-- \/ Yoast SEO plugin. -->","yoast_head_json":{"title":"O n\u00e1s - Ob\u010dianske zdru\u017eenie Rados\u0165 zo \u017eivota","robots":{"index":"index","follow":"follow","max-snippet":"max-snippet:-1","max-image-preview":"max-image-preview:large","max-video-preview":"max-video-preview:-1"},"canonical":"https:\/\/oz.csppke.sk\/","og_locale":"sk_SK","og_type":"article","og_title":"O n\u00e1s - Ob\u010dianske zdru\u017eenie Rados\u0165 zo \u017eivota","og_description":"V\u00fdro\u010dn\u00e9 spr\u00e1vy:V\u00fdro\u010dn\u00e1 spr\u00e1va za rok 2019V\u00fdro\u010dn\u00e1 spr\u00e1va za rok 2018V\u00fdro\u010dn\u00e1 spr\u00e1va za rok 2017V\u00fdro\u010dn\u00e1 spr\u00e1va za rok 2016V\u00fdro\u010dn\u00e1 spr\u00e1va za rok 2015V\u00fdro\u010dn\u00e1 spr\u00e1va za rok 2014V\u00fdro\u010dn\u00e1 spr\u00e1va za rok 2013V\u00fdro\u010dn\u00e1 spr\u00e1va za rok 2012V\u00fdro\u010dn\u00e1 spr\u00e1va za rok 2011 Identifika\u010dn\u00e9 \u00fadaje prij\u00edmate\u013ea 2% z dane:N\u00e1zov: RADOS\u0164 ZO \u017dIVOTAS\u00eddlo: C\u0160PP,\u00a0Bocatiova 1,\u00a0040 01 Ko\u0161icePr\u00e1vna forma: Ob\u010dianske zdru\u017eenieI\u010cO: 35547201DI\u010c: [&hellip;]","og_url":"https:\/\/oz.csppke.sk\/","og_site_name":"Ob\u010dianske zdru\u017eenie Rados\u0165 zo \u017eivota","article_modified_time":"2022-04-07T09:26:59+00:00","twitter_card":"summary","twitter_misc":{"Predpokladan\u00fd \u010das \u010d\u00edtania":"1 min\u00fata"},"schema":{"@context":"https:\/\/schema.org","@graph":[{"@type":"WebSite","@id":"https:\/\/oz.csppke.sk\/#website","url":"https:\/\/oz.csppke.sk\/","name":"Ob\u010dianske zdru\u017eenie Rados\u0165 zo \u017eivota","description":"","potentialAction":[{"@type":"SearchAction","target":{"@type":"EntryPoint","urlTemplate":"https:\/\/oz.csppke.sk\/?s={search_term_string}"},"query-input":"required name=search_term_string"}],"inLanguage":"sk-SK"},{"@type":"WebPage","@id":"https:\/\/oz.csppke.sk\/#webpage","url":"https:\/\/oz.csppke.sk\/","name":"O n\u00e1s - Ob\u010dianske zdru\u017eenie Rados\u0165 zo \u017eivota","isPartOf":{"@id":"https:\/\/oz.csppke.sk\/#website"},"datePublished":"2017-09-13T05:34:55+00:00","dateModified":"2022-04-07T09:26:59+00:00","breadcrumb":{"@id":"https:\/\/oz.csppke.sk\/#breadcrumb"},"inLanguage":"sk-SK","potentialAction":[{"@type":"ReadAction","target":["https:\/\/oz.csppke.sk\/"]}]},{"@type":"BreadcrumbList","@id":"https:\/\/oz.csppke.sk\/#breadcrumb","itemListElement":[{"@type":"ListItem","position":1,"name":"Home","item":"https:\/\/oz.csppke.sk\/"},{"@type":"ListItem","position":2,"name":"O n\u00e1s"}]}]}},"_links":{"self":[{"href":"https:\/\/oz.csppke.sk\/index.php?rest_route=\/wp\/v2\/pages\/50"}],"collection":[{"href":"https:\/\/oz.csppke.sk\/index.php?rest_route=\/wp\/v2\/pages"}],"about":[{"href":"https:\/\/oz.csppke.sk\/index.php?rest_route=\/wp\/v2\/types\/page"}],"author":[{"embeddable":true,"href":"https:\/\/oz.csppke.sk\/index.php?rest_route=\/wp\/v2\/users\/1"}],"replies":[{"embeddable":true,"href":"https:\/\/oz.csppke.sk\/index.php?rest_route=%2Fwp%2Fv2%2Fcomments&post=50"}],"version-history":[{"count":7,"href":"https:\/\/oz.csppke.sk\/index.php?rest_route=\/wp\/v2\/pages\/50\/revisions"}],"predecessor-version":[{"id":227,"href":"https:\/\/oz.csppke.sk\/index.php?rest_route=\/wp\/v2\/pages\/50\/revisions\/227"}],"wp:attachment":[{"href":"https:\/\/oz.csppke.sk\/index.php?rest_route=%2Fwp%2Fv2%2Fmedia&parent=50"}],"curies":[{"name":"wp","href":"https:\/\/api.w.org\/{rel}","templated":true}]}}